{"id":1175,"date":"2024-11-28T16:46:45","date_gmt":"2024-11-28T15:46:45","guid":{"rendered":"https:\/\/archaeb.fr\/?page_id=1175"},"modified":"2024-12-16T16:48:31","modified_gmt":"2024-12-16T15:48:31","slug":"menuiseries-et-mobiliers","status":"publish","type":"page","link":"https:\/\/archaeb.fr\/menuiseries-et-mobiliers\/","title":{"rendered":"MENUISERIES ET MOBILIERS"},"content":{"rendered":"<p>[et_pb_section fb_built=\u00a0\u00bb1&Prime; admin_label=\u00a0\u00bbHeader\u00a0\u00bb _builder_version=\u00a0\u00bb4.27.4&Prime; _module_preset=\u00a0\u00bbdefault\u00a0\u00bb background_color=\u00a0\u00bb#dfd9c1&Prime; background_enable_image=\u00a0\u00bboff\u00a0\u00bb locked=\u00a0\u00bboff\u00a0\u00bb collapsed=\u00a0\u00bbon\u00a0\u00bb global_colors_info=\u00a0\u00bb{%22gcid-9fa4a1b6-767d-41ca-984c-a6f10449c843%22:%91%22background_color_gradient_stops%22%93}\u00a0\u00bb][et_pb_row _builder_version=\u00a0\u00bb4.27.4&Prime; _module_preset=\u00a0\u00bbdefault\u00a0\u00bb global_colors_info=\u00a0\u00bb{}\u00a0\u00bb][et_pb_column type=\u00a0\u00bb4_4&Prime; _builder_version=\u00a0\u00bb4.20.0&Prime; _module_preset=\u00a0\u00bbdefault\u00a0\u00bb global_colors_info=\u00a0\u00bb{}\u00a0\u00bb][et_pb_text _builder_version=\u00a0\u00bb4.27.4&Prime; _module_preset=\u00a0\u00bb47fa5c0c-e1c4-48b9-9577-50dae751ad00&Prime; header_text_color=\u00a0\u00bbgcid-11d3dbbb-f6dc-4fb8-929b-9d6994368d00&Prime; text_orientation=\u00a0\u00bbcenter\u00a0\u00bb inline_fonts=\u00a0\u00bbLeBec\u00a0\u00bb global_colors_info=\u00a0\u00bb{%22gcid-11d3dbbb-f6dc-4fb8-929b-9d6994368d00%22:%91%22header_text_color%22%93}\u00a0\u00bb]<\/p>\n<h1><span style=\"font-family: LeBec; color: #3a5e87;\">vous \u00eates un ma\u00eetre d&rsquo;OUVRAGE PUBLIC ?<\/span><\/h1>\n<p>[\/et_pb_text][\/et_pb_column][\/et_pb_row][\/et_pb_section][et_pb_section fb_built=\u00a0\u00bb1&Prime; admin_label=\u00a0\u00bbService Info\u00a0\u00bb _builder_version=\u00a0\u00bb4.27.4&Prime; _module_preset=\u00a0\u00bbdefault\u00a0\u00bb background_color=\u00a0\u00bb#dfd9c1&Prime; animation_style=\u00a0\u00bbzoom\u00a0\u00bb animation_direction=\u00a0\u00bbtop\u00a0\u00bb collapsed=\u00a0\u00bbon\u00a0\u00bb global_colors_info=\u00a0\u00bb{}\u00a0\u00bb][et_pb_row custom_padding_last_edited=\u00a0\u00bbon|desktop\u00a0\u00bb _builder_version=\u00a0\u00bb4.27.4&Prime; _module_preset=\u00a0\u00bbdefault\u00a0\u00bb custom_padding=\u00a0\u00bb30px|60px|30px|60px|true|true\u00a0\u00bb custom_padding_tablet=\u00a0\u00bb|40px||40px|false|true\u00a0\u00bb custom_padding_phone=\u00a0\u00bb20px|20px|20px|20px|true|true\u00a0\u00bb animation_style=\u00a0\u00bbzoom\u00a0\u00bb animation_direction=\u00a0\u00bbtop\u00a0\u00bb border_color_all=\u00a0\u00bbgcid-11d3dbbb-f6dc-4fb8-929b-9d6994368d00&Prime; border_width_left=\u00a0\u00bb5px\u00a0\u00bb global_colors_info=\u00a0\u00bb{%22gcid-11d3dbbb-f6dc-4fb8-929b-9d6994368d00%22:%91%22border_color_all%22%93}\u00a0\u00bb][et_pb_column type=\u00a0\u00bb4_4&Prime; _builder_version=\u00a0\u00bb4.20.0&Prime; _module_preset=\u00a0\u00bbdefault\u00a0\u00bb global_colors_info=\u00a0\u00bb{}\u00a0\u00bb][et_pb_text _builder_version=\u00a0\u00bb4.27.4&Prime; _module_preset=\u00a0\u00bb1f9cb231-07e2-438f-a241-5cb480a8a708&Prime; text_text_color=\u00a0\u00bb#3a5e87&Prime; header_text_color=\u00a0\u00bb#3a5e87&Prime; header_3_text_color=\u00a0\u00bbgcid-11d3dbbb-f6dc-4fb8-929b-9d6994368d00&Prime; inline_fonts=\u00a0\u00bbLeBec\u00a0\u00bb global_colors_info=\u00a0\u00bb{%22gcid-11d3dbbb-f6dc-4fb8-929b-9d6994368d00%22:%91%22header_3_text_color%22%93}\u00a0\u00bb]<\/p>\n<h3><span style=\"font-family: LeBec; color: #3a5e87;\">MENUIsERIEs ET MOBILIERs<\/span><\/h3>\n<p>[\/et_pb_text][et_pb_text _builder_version=\u00a0\u00bb4.27.4&Prime; _module_preset=\u00a0\u00bbb30abd00-c288-4191-9287-54ffaa260723&Prime; text_text_color=\u00a0\u00bb#FFFFFF\u00a0\u00bb text_font_size=\u00a0\u00bb18px\u00a0\u00bb global_colors_info=\u00a0\u00bb{}\u00a0\u00bb]<\/p>\n<p style=\"text-align: justify;\"><span style=\"color: #333333;\">L\u2019agence a r\u00e9alis\u00e9 plusieurs \u00e9tudes et suivis de chantier portant sur du mobilier ancien, prot\u00e9g\u00e9 au titre des Monuments historiques ou non. Les \u00e9l\u00e9ments concern\u00e9s sont souvent li\u00e9s \u00e0 la pratique liturgique, au sein d\u2019\u00e9difices religieux, tels que des retables, sculptures et statues, chaires \u00e0 pr\u00eacher, boiseries, lambris de rev\u00eatement, etc. Depuis le diagnostic jusqu\u2019aux travaux de restauration, en passant par les phases de relev\u00e9, \u00e9tudes historiques, et constitution d\u2019un programme d\u2019intervention chiffr\u00e9, nous cherchons \u00e0 pr\u00e9server ces \u00e9l\u00e9ments fragiles faisant partie int\u00e9grante des \u00e9difices dans lesquels ils s\u2019int\u00e8grent. Bien souvent, ces op\u00e9rations de conservation et\/ou restauration d\u2019objets mobiliers sont l\u2019occasion de repenser leur mise en valeur, leur installation et l\u2019ensemble des facteurs qui garantissent leur conservation pr\u00e9ventive.<\/span><\/p>\n<p style=\"text-align: justify;\"><span style=\"color: #333333;\">Nous travaillons r\u00e9guli\u00e8rement au sein d\u2019une \u00e9quipe pluridisciplinaire constitu\u00e9e de restaurateurs en menuiserie, polychromie, statuaire, ou encore toiles peintes et ferronnerie, ainsi que d\u2019ing\u00e9nieurs \u00e9clairagistes. Croiser les regards sur ces objets est, selon nous, un \u00e9l\u00e9ment essentiel favorisant la r\u00e9ussite des interventions.<\/span><\/p>\n<p>[\/et_pb_text][\/et_pb_column][\/et_pb_row][et_pb_row _builder_version=\u00a0\u00bb4.27.4&Prime; _module_preset=\u00a0\u00bbdefault\u00a0\u00bb global_colors_info=\u00a0\u00bb{}\u00a0\u00bb][et_pb_column type=\u00a0\u00bb4_4&Prime; _builder_version=\u00a0\u00bb4.27.4&Prime; _module_preset=\u00a0\u00bbdefault\u00a0\u00bb global_colors_info=\u00a0\u00bb{}\u00a0\u00bb][et_pb_text _builder_version=\u00a0\u00bb4.27.4&Prime; _module_preset=\u00a0\u00bbdefault\u00a0\u00bb text_font=\u00a0\u00bb&#8211;et_global_body_font||||||||\u00a0\u00bb text_text_color=\u00a0\u00bb#48382a\u00a0\u00bb text_font_size=\u00a0\u00bb26px\u00a0\u00bb custom_padding=\u00a0\u00bb60px||||false|false\u00a0\u00bb global_colors_info=\u00a0\u00bb{}\u00a0\u00bb]<\/p>\n<p><span style=\"color: #333333;\"><strong>Exemples de r\u00e9f\u00e9rences<\/strong>\u00a0:<\/span><\/p>\n<p>[\/et_pb_text][\/et_pb_column][\/et_pb_row][\/et_pb_section][et_pb_section fb_built=\u00a0\u00bb1&Prime; theme_builder_area=\u00a0\u00bbpost_content\u00a0\u00bb _builder_version=\u00a0\u00bb4.27.4&Prime; _module_preset=\u00a0\u00bbdefault\u00a0\u00bb custom_padding=\u00a0\u00bb0px||0px||false|false\u00a0\u00bb custom_margin=\u00a0\u00bb0px||0px||false|false\u00a0\u00bb hover_enabled=\u00a0\u00bb0&Prime; sticky_enabled=\u00a0\u00bb0&Prime;][et_pb_row _builder_version=\u00a0\u00bb4.27.4&Prime; _module_preset=\u00a0\u00bbdefault\u00a0\u00bb theme_builder_area=\u00a0\u00bbpost_content\u00a0\u00bb custom_padding=\u00a0\u00bb1px||0px||false|false\u00a0\u00bb custom_margin=\u00a0\u00bb0px||0px||false|false\u00a0\u00bb hover_enabled=\u00a0\u00bb0&Prime; sticky_enabled=\u00a0\u00bb0&Prime;][et_pb_column _builder_version=\u00a0\u00bb4.27.4&Prime; _module_preset=\u00a0\u00bbdefault\u00a0\u00bb theme_builder_area=\u00a0\u00bbpost_content\u00a0\u00bb type=\u00a0\u00bb4_4&Prime;][et_pb_image src=\u00a0\u00bbhttps:\/\/archaeb.fr\/wp-content\/uploads\/2024\/12\/ARCHAEB-Reference-SAINT-LO-Eglise-Notre-Dame-MOB-scaled.jpg\u00a0\u00bb _builder_version=\u00a0\u00bb4.27.4&Prime; _module_preset=\u00a0\u00bbdefault\u00a0\u00bb theme_builder_area=\u00a0\u00bbpost_content\u00a0\u00bb hover_enabled=\u00a0\u00bb0&Prime; sticky_enabled=\u00a0\u00bb0&Prime; url=\u00a0\u00bbhttps:\/\/archaeb.fr\/wp-content\/uploads\/2024\/12\/ARCHAEB-Reference-SAINT-LO-Eglise-Notre-Dame-MOB-scaled.jpg\u00a0\u00bb][\/et_pb_image][\/et_pb_column][\/et_pb_row][\/et_pb_section][et_pb_section fb_built=\u00a0\u00bb1&Prime; fullwidth=\u00a0\u00bbon\u00a0\u00bb _builder_version=\u00a0\u00bb4.27.4&Prime; _module_preset=\u00a0\u00bbdefault\u00a0\u00bb global_colors_info=\u00a0\u00bb{}\u00a0\u00bb][et_pb_fullwidth_image src=\u00a0\u00bbhttps:\/\/archaeb.fr\/wp-content\/uploads\/2024\/12\/Montage-Photo-Ernee-et-Le-Quillio.png\u00a0\u00bb title_text=\u00a0\u00bbMontage Photo Ern\u00e9e et Le Quillio\u00a0\u00bb url=\u00a0\u00bbhttps:\/\/archaeb.fr\/wp-content\/uploads\/2024\/12\/Montage-Photo-Ernee-et-Le-Quillio.png\u00a0\u00bb _builder_version=\u00a0\u00bb4.27.4&Prime; _module_preset=\u00a0\u00bbdefault\u00a0\u00bb animation_style=\u00a0\u00bbfade\u00a0\u00bb hover_enabled=\u00a0\u00bb0&Prime; global_colors_info=\u00a0\u00bb{}\u00a0\u00bb sticky_enabled=\u00a0\u00bb0&Prime;][\/et_pb_fullwidth_image][et_pb_fullwidth_image src=\u00a0\u00bbhttps:\/\/archaeb.fr\/wp-content\/uploads\/2024\/12\/Montage-photo-Amanlis-Lampaul-Guimiliau-2.jpg\u00a0\u00bb title_text=\u00a0\u00bbMontage photo Amanlis Lampaul Guimiliau 2&Prime; url=\u00a0\u00bbhttps:\/\/archaeb.fr\/wp-content\/uploads\/2024\/12\/Montage-photo-Amanlis-Lampaul-Guimiliau-2.jpg\u00a0\u00bb _builder_version=\u00a0\u00bb4.27.4&Prime; _module_preset=\u00a0\u00bbdefault\u00a0\u00bb animation_style=\u00a0\u00bbfade\u00a0\u00bb hover_enabled=\u00a0\u00bb0&Prime; global_colors_info=\u00a0\u00bb{}\u00a0\u00bb sticky_enabled=\u00a0\u00bb0&Prime;][\/et_pb_fullwidth_image][et_pb_fullwidth_image src=\u00a0\u00bbhttps:\/\/archaeb.fr\/wp-content\/uploads\/2024\/11\/Blue-Memphis-Blank-Page-A4-Document-Landscape-5.png\u00a0\u00bb title_text=\u00a0\u00bbR\u00e9f\u00e9rence plestin les gr\u00e8ves et Saint-Brieuc\u00a0\u00bb url=\u00a0\u00bbhttps:\/\/archaeb.fr\/wp-content\/uploads\/2024\/11\/Blue-Memphis-Blank-Page-A4-Document-Landscape-5.png\u00a0\u00bb _builder_version=\u00a0\u00bb4.27.4&Prime; _module_preset=\u00a0\u00bbdefault\u00a0\u00bb animation_style=\u00a0\u00bbfade\u00a0\u00bb global_colors_info=\u00a0\u00bb{}\u00a0\u00bb][\/et_pb_fullwidth_image][et_pb_fullwidth_image src=\u00a0\u00bbhttps:\/\/archaeb.fr\/wp-content\/uploads\/2024\/11\/Blue-Memphis-Blank-Page-A4-Document-Landscape-6.png\u00a0\u00bb title_text=\u00a0\u00bbR\u00e9f\u00e9rence Livr\u00e9-sur-Changeon et Neuillac\u00a0\u00bb url=\u00a0\u00bbhttps:\/\/archaeb.fr\/wp-content\/uploads\/2024\/11\/Blue-Memphis-Blank-Page-A4-Document-Landscape-6.png\u00a0\u00bb _builder_version=\u00a0\u00bb4.27.4&Prime; _module_preset=\u00a0\u00bbdefault\u00a0\u00bb animation_style=\u00a0\u00bbfade\u00a0\u00bb global_colors_info=\u00a0\u00bb{}\u00a0\u00bb][\/et_pb_fullwidth_image][et_pb_fullwidth_image src=\u00a0\u00bbhttps:\/\/archaeb.fr\/wp-content\/uploads\/2024\/11\/Blue-Memphis-Blank-Page-A4-Document-Landscape-7.png\u00a0\u00bb title_text=\u00a0\u00bbR\u00e9f\u00e9rence Le-Vivier-sur-Mer et Bodilis\u00a0\u00bb url=\u00a0\u00bbhttps:\/\/archaeb.fr\/wp-content\/uploads\/2024\/11\/Blue-Memphis-Blank-Page-A4-Document-Landscape-7.png\u00a0\u00bb _builder_version=\u00a0\u00bb4.27.4&Prime; _module_preset=\u00a0\u00bbdefault\u00a0\u00bb animation_style=\u00a0\u00bbfade\u00a0\u00bb global_colors_info=\u00a0\u00bb{}\u00a0\u00bb][\/et_pb_fullwidth_image][et_pb_fullwidth_image src=\u00a0\u00bbhttps:\/\/archaeb.fr\/wp-content\/uploads\/2024\/11\/Blue-Memphis-Blank-Page-A4-Document-Landscape-8.png\u00a0\u00bb title_text=\u00a0\u00bbR\u00e9f\u00e9rence Saint-Quay-Portrieux et Saint-Brieuc\u00a0\u00bb url=\u00a0\u00bbhttps:\/\/archaeb.fr\/wp-content\/uploads\/2024\/11\/Blue-Memphis-Blank-Page-A4-Document-Landscape-8.png\u00a0\u00bb _builder_version=\u00a0\u00bb4.27.4&Prime; _module_preset=\u00a0\u00bbdefault\u00a0\u00bb animation_style=\u00a0\u00bbfade\u00a0\u00bb global_colors_info=\u00a0\u00bb{}\u00a0\u00bb][\/et_pb_fullwidth_image][\/et_pb_section]<\/p>\n","protected":false},"excerpt":{"rendered":"<p> INDICE 1<\/p>\n","protected":false},"author":1,"featured_media":0,"parent":0,"menu_order":0,"comment_status":"closed","ping_status":"closed","template":"","meta":{"_et_pb_use_builder":"on","_et_pb_old_content":"L'agence a r\u00e9alis\u00e9 plusieurs \u00e9tudes et suivis de chantier portant sur du mobilier ancien, prot\u00e9g\u00e9 au titre des Monuments historiques ou non. Les \u00e9l\u00e9ments concern\u00e9s sont souvent li\u00e9s \u00e0 la pratique liturgique, au sein d'\u00e9difices religieux, tels que des retables, sculptures et statues, chaires \u00e0 pr\u00eacher, boiseries, lambris de rev\u00eatement, etc. Depuis le diagnostic jusqu'aux travaux de restauration, en passant par les phases de relev\u00e9, \u00e9tudes historiques, et constitution d'un programme d'intervention chiffr\u00e9, nous cherchons \u00e0 pr\u00e9server ces \u00e9l\u00e9ments fragiles faisant partie int\u00e9grante des \u00e9difices dans lesquels ils s'int\u00e8grent. Bien souvent, ces op\u00e9rations de conservation et\/ou restauration d'objets mobiliers sont l'occasion de repenser leur mise en valeur, leur installation et l'ensemble des facteurs qui garantissent leur conservation pr\u00e9ventive.\n\nNous travaillons r\u00e9guli\u00e8rement au sein d'une \u00e9quipe pluridisciplinaire constitu\u00e9e de restaurateurs en menuiserie, polychromie, statuaire, ou encore toiles peintes et ferronnerie, ainsi que d'ing\u00e9nieurs \u00e9clairagistes. Croiser les regards sur ces objets est, selon nous, un \u00e9l\u00e9ment essentiel favorisant la r\u00e9ussite des interventions.\n\n<strong>Exemples de r\u00e9f\u00e9rences<\/strong> :\n\n[gallery columns=\"2\" link=\"file\" size=\"large\" ids=\"247,227,196,194,195,193,192,191,190,189\"]","_et_gb_content_width":"","om_disable_all_campaigns":false,"_monsterinsights_skip_tracking":false,"_monsterinsights_sitenote_active":false,"_monsterinsights_sitenote_note":"","_monsterinsights_sitenote_category":0,"footnotes":""},"class_list":["post-1175","page","type-page","status-publish","hentry"],"aioseo_notices":[],"_links":{"self":[{"href":"https:\/\/archaeb.fr\/wp-json\/wp\/v2\/pages\/1175","targetHints":{"allow":["GET"]}}],"collection":[{"href":"https:\/\/archaeb.fr\/wp-json\/wp\/v2\/pages"}],"about":[{"href":"https:\/\/archaeb.fr\/wp-json\/wp\/v2\/types\/page"}],"author":[{"embeddable":true,"href":"https:\/\/archaeb.fr\/wp-json\/wp\/v2\/users\/1"}],"replies":[{"embeddable":true,"href":"https:\/\/archaeb.fr\/wp-json\/wp\/v2\/comments?post=1175"}],"version-history":[{"count":21,"href":"https:\/\/archaeb.fr\/wp-json\/wp\/v2\/pages\/1175\/revisions"}],"predecessor-version":[{"id":2145,"href":"https:\/\/archaeb.fr\/wp-json\/wp\/v2\/pages\/1175\/revisions\/2145"}],"wp:attachment":[{"href":"https:\/\/archaeb.fr\/wp-json\/wp\/v2\/media?parent=1175"}],"curies":[{"name":"wp","href":"https:\/\/api.w.org\/{rel}","templated":true}]}}