{"id":1138,"date":"2024-12-03T16:52:56","date_gmt":"2024-12-03T15:52:56","guid":{"rendered":"https:\/\/archaeb.fr\/?page_id=1138"},"modified":"2024-12-17T17:16:28","modified_gmt":"2024-12-17T16:16:28","slug":"nos-missions-2","status":"publish","type":"page","link":"https:\/\/archaeb.fr\/nos-missions-2\/","title":{"rendered":"MISSIONS"},"content":{"rendered":"<p>[et_pb_section fb_built=\u00a0\u00bb1&Prime; admin_label=\u00a0\u00bbHeader\u00a0\u00bb _builder_version=\u00a0\u00bb4.27.4&Prime; _module_preset=\u00a0\u00bbdefault\u00a0\u00bb background_color=\u00a0\u00bb#dfd9c1&Prime; background_enable_image=\u00a0\u00bboff\u00a0\u00bb background_position=\u00a0\u00bbtop_center\u00a0\u00bb custom_margin=\u00a0\u00bb1px||0px||false|false\u00a0\u00bb custom_padding=\u00a0\u00bb0px||0px||false|false\u00a0\u00bb locked=\u00a0\u00bboff\u00a0\u00bb collapsed=\u00a0\u00bbon\u00a0\u00bb global_colors_info=\u00a0\u00bb{%22gcid-9fa4a1b6-767d-41ca-984c-a6f10449c843%22:%91%22background_color_gradient_stops%22%93}\u00a0\u00bb][et_pb_row _builder_version=\u00a0\u00bb4.20.0&Prime; _module_preset=\u00a0\u00bbdefault\u00a0\u00bb global_colors_info=\u00a0\u00bb{}\u00a0\u00bb][et_pb_column type=\u00a0\u00bb4_4&Prime; _builder_version=\u00a0\u00bb4.20.0&Prime; _module_preset=\u00a0\u00bbdefault\u00a0\u00bb global_colors_info=\u00a0\u00bb{}\u00a0\u00bb][et_pb_text _builder_version=\u00a0\u00bb4.27.4&Prime; _module_preset=\u00a0\u00bb01bf34e8-0c57-42ac-b67a-b82642eaed72&Prime; header_text_color=\u00a0\u00bbgcid-11d3dbbb-f6dc-4fb8-929b-9d6994368d00&Prime; text_orientation=\u00a0\u00bbcenter\u00a0\u00bb custom_margin=\u00a0\u00bb50px||||false|false\u00a0\u00bb inline_fonts=\u00a0\u00bbLeBec\u00a0\u00bb global_colors_info=\u00a0\u00bb{%22gcid-11d3dbbb-f6dc-4fb8-929b-9d6994368d00%22:%91%22header_text_color%22%93}\u00a0\u00bb]<\/p>\n<h2 style=\"text-align: center;\"><\/h2>\n<h1><span style=\"color: #3a5e87;\"><span style=\"font-family: LeBec; font-weight: normal;\">NO<strong>S <\/strong>MI<strong>S<\/strong><\/span><span style=\"font-family: LeBec; font-weight: normal;\"><strong>S<\/strong><\/span><span style=\"font-family: LeBec; font-weight: normal;\"><strong>ION<\/strong><\/span><span style=\"font-family: LeBec; font-weight: normal;\"><strong><\/strong><\/span><span style=\"font-family: LeBec; font-weight: normal;\"><strong>S<\/strong><\/span><\/span><\/h1>\n<p>[\/et_pb_text][\/et_pb_column][\/et_pb_row][\/et_pb_section][et_pb_section fb_built=\u00a0\u00bb1&Prime; admin_label=\u00a0\u00bbServices\u00a0\u00bb _builder_version=\u00a0\u00bb4.27.4&Prime; _module_preset=\u00a0\u00bbdefault\u00a0\u00bb background_color=\u00a0\u00bb#dfd9c1&Prime; collapsed=\u00a0\u00bbon\u00a0\u00bb global_colors_info=\u00a0\u00bb{}\u00a0\u00bb][et_pb_row _builder_version=\u00a0\u00bb4.27.4&Prime; _module_preset=\u00a0\u00bbdefault\u00a0\u00bb animation_style=\u00a0\u00bbfade\u00a0\u00bb global_colors_info=\u00a0\u00bb{}\u00a0\u00bb][et_pb_column type=\u00a0\u00bb4_4&Prime; _builder_version=\u00a0\u00bb4.27.4&Prime; _module_preset=\u00a0\u00bbdefault\u00a0\u00bb global_colors_info=\u00a0\u00bb{}\u00a0\u00bb][et_pb_text _builder_version=\u00a0\u00bb4.27.4&Prime; _module_preset=\u00a0\u00bbdefault\u00a0\u00bb text_font=\u00a0\u00bb&#8211;et_global_body_font||||||||\u00a0\u00bb text_font_size=\u00a0\u00bb18px\u00a0\u00bb inline_fonts=\u00a0\u00bbTimes New Roman\u00a0\u00bb global_colors_info=\u00a0\u00bb{}\u00a0\u00bb]<\/p>\n<p style=\"text-align: justify;\"><span style=\"font-family: 'Times New Roman'; color: #333333;\">Nous travaillons sur tout projet portant sur du b\u00e2ti existant, qu\u2019il soit tr\u00e8s ancien (ruines gallo-romaines) ou contemporain (extension d\u2019\u00e9glise en b\u00e9ton arm\u00e9), ou entre les deux ! (\u00e9glises gothiques, fermes XVIIIe s., mobilier XIXe s., etc.). Les constructions que nous \u00e9tudions sont vari\u00e9es : fermes, \u00e9glises, manoirs, retables, ch\u00e2teaux, ruines, ensembles urbains, etc. : nous nous adaptons \u00e0 la demande et nous entourons si besoin de sp\u00e9cialistes qualifi\u00e9s pour r\u00e9pondre aux diff\u00e9rentes probl\u00e9matiques.<\/span><\/p>\n<p style=\"text-align: justify;\"><span style=\"font-family: 'Times New Roman'; color: #333333;\">Nos deux missions principales sont :<\/span><\/p>\n<p style=\"text-align: justify;\"><span style=\"font-family: 'Times New Roman'; color: #333333;\">\u2013 les\u00a0<span style=\"text-decoration: underline;\"><strong>visites d\u2019expertise<\/strong><\/span>\u00a0avant achat,<\/span><\/p>\n<p style=\"text-align: justify;\"><span style=\"font-family: 'Times New Roman'; color: #333333;\">\u2013 les\u00a0<span style=\"text-decoration: underline;\"><strong>\u00e9tudes<\/strong><\/span>\u00a0: diagnostics sanitaires, \u00e9tudes pr\u00e9alables, etc.<\/span><\/p>\n<p style=\"text-align: justify;\"><span style=\"font-family: 'Times New Roman'; color: #333333;\">\u2013 le\u00a0<span style=\"text-decoration: underline;\"><strong>suivi de chantier<\/strong>\u00a0<\/span>: depuis la conception jusqu\u2019\u00e0 la r\u00e9ception, en passant par le suivi technique, administratif et financier.<\/span><\/p>\n<p style=\"text-align: justify;\"><span style=\"font-family: 'Times New Roman'; color: #333333;\">\u00a0<\/span><\/p>\n<p style=\"text-align: justify;\"><span style=\"font-family: 'Times New Roman'; color: #333333;\">Notre travail s\u2019organise, selon les besoins, en agence ou sur site : les r\u00e9unions et visites avec les clients, les autorit\u00e9s diverses et les entreprises rythment les plannings de nos projets !<\/span><\/p>\n<p>[\/et_pb_text][\/et_pb_column][\/et_pb_row][et_pb_row column_structure=\u00a0\u00bb1_2,1_2&Prime; make_equal=\u00a0\u00bbon\u00a0\u00bb _builder_version=\u00a0\u00bb4.27.4&Prime; _module_preset=\u00a0\u00bbdefault\u00a0\u00bb animation_style=\u00a0\u00bbslide\u00a0\u00bb animation_direction=\u00a0\u00bbbottom\u00a0\u00bb locked=\u00a0\u00bboff\u00a0\u00bb global_colors_info=\u00a0\u00bb{}\u00a0\u00bb][et_pb_column type=\u00a0\u00bb1_2&Prime; _builder_version=\u00a0\u00bb4.20.0&Prime; _module_preset=\u00a0\u00bbdefault\u00a0\u00bb use_background_color_gradient=\u00a0\u00bbon\u00a0\u00bb background_color_gradient_stops=\u00a0\u00bbrgba(73,81,100,0.9) 0%|rgba(73,81,100,0.9) 100%\u00a0\u00bb background_color_gradient_overlays_image=\u00a0\u00bbon\u00a0\u00bb background_image=\u00a0\u00bbhttps:\/\/archaeb.fr\/wp-content\/uploads\/2024\/11\/paper-texture.jpg\u00a0\u00bb custom_padding=\u00a0\u00bb60px|30px|60px|30px|true|true\u00a0\u00bb custom_padding_tablet=\u00a0\u00bb40px||40px||true|false\u00a0\u00bb custom_padding_phone=\u00a0\u00bb30px|20px|30px|20px|true|true\u00a0\u00bb custom_padding_last_edited=\u00a0\u00bbon|desktop\u00a0\u00bb global_colors_info=\u00a0\u00bb{}\u00a0\u00bb][et_pb_image src=\u00a0\u00bbhttps:\/\/archaeb.fr\/wp-content\/uploads\/2024\/11\/attorney-1.png\u00a0\u00bb title_text=\u00a0\u00bbattorney-1&Prime; _builder_version=\u00a0\u00bb4.20.0&Prime; _module_preset=\u00a0\u00bbdefault\u00a0\u00bb max_width=\u00a0\u00bb130px\u00a0\u00bb module_alignment=\u00a0\u00bbcenter\u00a0\u00bb global_colors_info=\u00a0\u00bb{}\u00a0\u00bb][\/et_pb_image][et_pb_text _builder_version=\u00a0\u00bb4.27.4&Prime; _module_preset=\u00a0\u00bbf5238b8f-f732-4beb-8c33-9e0c04cf78ae\u00a0\u00bb header_3_text_color=\u00a0\u00bb#FFFFFF\u00a0\u00bb text_orientation=\u00a0\u00bbcenter\u00a0\u00bb custom_padding=\u00a0\u00bb20px||||false|false\u00a0\u00bb inline_fonts=\u00a0\u00bbLeBec\u00a0\u00bb global_colors_info=\u00a0\u00bb{}\u00a0\u00bb]<\/p>\n<h3><strong><span style=\"font-family: LeBec;\">Vous \u00cates un particulier ?<\/span><\/strong><\/h3>\n<p>[\/et_pb_text][et_pb_button button_url=\u00a0\u00bbhttps:\/\/archaeb.fr\/?page_id=1151&Prime; button_text=\u00a0\u00bbEN SAVOIR PLUS\u00a0\u00bb button_alignment=\u00a0\u00bbcenter\u00a0\u00bb _builder_version=\u00a0\u00bb4.27.4&Prime; _module_preset=\u00a0\u00bb7ce61e69-aa3c-438e-8dce-d692ab66f801&Prime; button_font=\u00a0\u00bb&#8211;et_global_body_font|800||on|||||\u00a0\u00bb custom_margin=\u00a0\u00bb0px||0px||false|false\u00a0\u00bb global_colors_info=\u00a0\u00bb{}\u00a0\u00bb][\/et_pb_button][\/et_pb_column][et_pb_column type=\u00a0\u00bb1_2&Prime; _builder_version=\u00a0\u00bb4.20.0&Prime; _module_preset=\u00a0\u00bbdefault\u00a0\u00bb use_background_color_gradient=\u00a0\u00bbon\u00a0\u00bb background_color_gradient_stops=\u00a0\u00bbrgba(202,182,161,0.9) 0%|rgba(202,182,161,0.9) 100%\u00a0\u00bb background_color_gradient_overlays_image=\u00a0\u00bbon\u00a0\u00bb background_image=\u00a0\u00bbhttps:\/\/archaeb.fr\/wp-content\/uploads\/2024\/11\/paper-texture.jpg\u00a0\u00bb custom_padding=\u00a0\u00bb60px|30px|60px|30px|true|true\u00a0\u00bb custom_padding_tablet=\u00a0\u00bb40px||40px||true|false\u00a0\u00bb custom_padding_phone=\u00a0\u00bb30px|20px|30px|20px|true|true\u00a0\u00bb custom_padding_last_edited=\u00a0\u00bbon|desktop\u00a0\u00bb global_colors_info=\u00a0\u00bb{}\u00a0\u00bb][et_pb_image src=\u00a0\u00bbhttps:\/\/archaeb.fr\/wp-content\/uploads\/2024\/11\/attorney-2.png\u00a0\u00bb title_text=\u00a0\u00bbattorney-2&Prime; _builder_version=\u00a0\u00bb4.20.0&Prime; _module_preset=\u00a0\u00bbdefault\u00a0\u00bb max_width=\u00a0\u00bb130px\u00a0\u00bb module_alignment=\u00a0\u00bbcenter\u00a0\u00bb global_colors_info=\u00a0\u00bb{}\u00a0\u00bb][\/et_pb_image][et_pb_text _builder_version=\u00a0\u00bb4.27.4&Prime; _module_preset=\u00a0\u00bbf5238b8f-f732-4beb-8c33-9e0c04cf78ae\u00a0\u00bb text_orientation=\u00a0\u00bbcenter\u00a0\u00bb inline_fonts=\u00a0\u00bbLeBec\u00a0\u00bb global_colors_info=\u00a0\u00bb{}\u00a0\u00bb]<\/p>\n<h3><span style=\"color: #48382a; font-family: LeBec; font-weight: normal;\"><strong>VOUS \u00caTE<\/strong><strong>S UN MA\u00eeTRE D&rsquo;OUVRAGE PUBLIC ?<\/strong><\/span><\/h3>\n<p>[\/et_pb_text][et_pb_button button_url=\u00a0\u00bbhttps:\/\/archaeb.fr\/?page_id=1194&Prime; button_text=\u00a0\u00bbEDIFICES\u00a0\u00bb button_alignment=\u00a0\u00bbcenter\u00a0\u00bb _builder_version=\u00a0\u00bb4.27.4&Prime; _module_preset=\u00a0\u00bbb844726d-2732-4ed2-a230-c8650622657c\u00a0\u00bb locked=\u00a0\u00bboff\u00a0\u00bb global_colors_info=\u00a0\u00bb{}\u00a0\u00bb][\/et_pb_button][et_pb_button button_url=\u00a0\u00bbhttps:\/\/archaeb.fr\/?page_id=1163&Prime; button_text=\u00a0\u00bbURBANISME ET PAYSAGE\u00a0\u00bb button_alignment=\u00a0\u00bbcenter\u00a0\u00bb _builder_version=\u00a0\u00bb4.27.4&Prime; _module_preset=\u00a0\u00bbb844726d-2732-4ed2-a230-c8650622657c\u00a0\u00bb locked=\u00a0\u00bboff\u00a0\u00bb global_colors_info=\u00a0\u00bb{}\u00a0\u00bb][\/et_pb_button][et_pb_button button_url=\u00a0\u00bbhttps:\/\/archaeb.fr\/?page_id=1175&Prime; button_text=\u00a0\u00bbMENUISERIES ET MOBILIERS\u00a0\u00bb button_alignment=\u00a0\u00bbcenter\u00a0\u00bb _builder_version=\u00a0\u00bb4.27.4&Prime; _module_preset=\u00a0\u00bbb844726d-2732-4ed2-a230-c8650622657c\u00a0\u00bb locked=\u00a0\u00bboff\u00a0\u00bb global_colors_info=\u00a0\u00bb{}\u00a0\u00bb][\/et_pb_button][\/et_pb_column][\/et_pb_row][\/et_pb_section]<\/p>\n","protected":false},"excerpt":{"rendered":"<p>INDICE 1<\/p>\n","protected":false},"author":1,"featured_media":0,"parent":0,"menu_order":0,"comment_status":"closed","ping_status":"closed","template":"","meta":{"_et_pb_use_builder":"on","_et_pb_old_content":"<!-- wp:paragraph -->\n<p>Nous travaillons sur tout projet portant sur du b\u00e2ti existant, qu'il soit tr\u00e8s ancien (ruines gallo-romaines) ou contemporain (extension d'\u00e9glise en b\u00e9ton arm\u00e9), ou entre les deux ! (\u00e9glises gothiques, fermes XVIIIe s., mobilier XIXe s., etc.). Les constructions que nous \u00e9tudions sont vari\u00e9es : fermes, \u00e9glises, manoirs, retables, ch\u00e2teaux, ruines, ensembles urbains, etc. : nous nous adaptons \u00e0 la demande et nous entourons si besoin de sp\u00e9cialistes qualifi\u00e9s pour r\u00e9pondre aux diff\u00e9rentes probl\u00e9matiques.<\/p>\n<!-- \/wp:paragraph -->\n\n<!-- wp:paragraph -->\n<p>Nos deux missions principales sont :<\/p>\n<!-- \/wp:paragraph -->\n\n<!-- wp:paragraph -->\n<p>- les <strong>visites d'expertise<\/strong> avant achat,<\/p>\n<!-- \/wp:paragraph -->\n\n<!-- wp:paragraph -->\n<p>- les <strong>\u00e9tudes<\/strong> : diagnostics sanitaires, \u00e9tudes pr\u00e9alables, etc.<\/p>\n<!-- \/wp:paragraph -->\n\n<!-- wp:paragraph -->\n<p>- le <strong>suivi de chantier<\/strong> : depuis la conception jusqu'\u00e0 la r\u00e9ception, en passant par le suivi technique, administratif et financier.<\/p>\n<!-- \/wp:paragraph -->\n\n<!-- wp:paragraph -->\n<p><\/p>\n<!-- \/wp:paragraph -->\n\n<!-- wp:paragraph -->\n<p>Notre travail s'organise, selon les besoins, en agence ou sur site : les r\u00e9unions et visites avec les clients, les autorit\u00e9s diverses et les entreprises rythment les plannings de nos projets !<\/p>\n<!-- \/wp:paragraph -->","_et_gb_content_width":"","om_disable_all_campaigns":false,"_monsterinsights_skip_tracking":false,"_monsterinsights_sitenote_active":false,"_monsterinsights_sitenote_note":"","_monsterinsights_sitenote_category":0,"footnotes":""},"class_list":["post-1138","page","type-page","status-publish","hentry"],"aioseo_notices":[],"_links":{"self":[{"href":"https:\/\/archaeb.fr\/wp-json\/wp\/v2\/pages\/1138","targetHints":{"allow":["GET"]}}],"collection":[{"href":"https:\/\/archaeb.fr\/wp-json\/wp\/v2\/pages"}],"about":[{"href":"https:\/\/archaeb.fr\/wp-json\/wp\/v2\/types\/page"}],"author":[{"embeddable":true,"href":"https:\/\/archaeb.fr\/wp-json\/wp\/v2\/users\/1"}],"replies":[{"embeddable":true,"href":"https:\/\/archaeb.fr\/wp-json\/wp\/v2\/comments?post=1138"}],"version-history":[{"count":21,"href":"https:\/\/archaeb.fr\/wp-json\/wp\/v2\/pages\/1138\/revisions"}],"predecessor-version":[{"id":2118,"href":"https:\/\/archaeb.fr\/wp-json\/wp\/v2\/pages\/1138\/revisions\/2118"}],"wp:attachment":[{"href":"https:\/\/archaeb.fr\/wp-json\/wp\/v2\/media?parent=1138"}],"curies":[{"name":"wp","href":"https:\/\/api.w.org\/{rel}","templated":true}]}}